{"id":655,"date":"2019-04-18T11:21:05","date_gmt":"2019-04-18T11:21:05","guid":{"rendered":"http:\/\/localhost:8888\/?page_id=655"},"modified":"2023-07-14T10:36:07","modified_gmt":"2023-07-14T09:36:07","slug":"javitovizsga","status":"publish","type":"page","link":"https:\/\/kosztolanyigimnazium.hu\/?page_id=655","title":{"rendered":"Jav\u00edt\u00f3vizsga"},"content":{"rendered":"\n<p class=\"has-text-align-center has-huge-font-size\"><strong>2022\/2023-as tan\u00e9v jav\u00edt\u00f3vizsg\u00e1i<\/strong><\/p>\n\n\n\n<p><\/p>\n\n\n\n<p>K\u00fcl\u00f6nb\u00f6zeti&nbsp; \u00e9s jav\u00edt\u00f3vizsg\u00e1k k id\u0151pontja 2023. augusztus 29-t\u0151l 2023.augusztus 31-\u00e9ig Minden vizsg\u00e1z\u00f3 \u00fcnnepl\u0151ben jelenjen meg a k\u00f6nyvt\u00e1rban augusztus 29-\u00e9n 9 \u00f3rakor. A jav\u00edt\u00f3vizsg\u00e1k k\u00f6vetelm\u00e9ny\u00e9t \u00e9s a konzult\u00e1ci\u00f3s id\u0151pontokat az \u00e9rintettek a bizony\u00edtv\u00e1nyoszt\u00e1skor pap\u00edr alapon&nbsp;megkapt\u00e1k.&nbsp;<\/p>\n\n\n\n<p>Mindenkinek sikeres vizsg\u00e1z\u00e1st k\u00edv\u00e1nunk!<\/p>\n\n\n\n\n\n<p><\/p>\n","protected":false},"excerpt":{"rendered":"<p>2022\/2023-as tan\u00e9v jav\u00edt\u00f3vizsg\u00e1i K\u00fcl\u00f6nb\u00f6zeti&nbsp; \u00e9s jav\u00edt\u00f3vizsg\u00e1k k id\u0151pontja 2023. augusztus 29-t\u0151l 2023.augusztus 31-\u00e9ig Minden vizsg\u00e1z\u00f3 \u00fcnnepl\u0151ben jelenjen meg a k\u00f6nyvt\u00e1rban augusztus 29-\u00e9n 9 \u00f3rakor. A jav\u00edt\u00f3vizsg\u00e1k k\u00f6vetelm\u00e9ny\u00e9t \u00e9s a konzult\u00e1ci\u00f3s id\u0151pontokat az \u00e9rintettek a bizony\u00edtv\u00e1nyoszt\u00e1skor pap\u00edr alapon&nbsp;megkapt\u00e1k.&nbsp; Mindenkinek sikeres vizsg\u00e1z\u00e1st <a href=\"https:\/\/kosztolanyigimnazium.hu\/?page_id=655\" class=\"read-more\">Olvass tov\u00e1bb&#8230;<\/a><\/p>\n","protected":false},"author":1,"featured_media":656,"parent":652,"menu_order":0,"comment_status":"closed","ping_status":"closed","template":"","meta":{"footnotes":""},"class_list":["post-655","page","type-page","status-publish","has-post-thumbnail","hentry"],"_links":{"self":[{"href":"https:\/\/kosztolanyigimnazium.hu\/index.php?rest_route=\/wp\/v2\/pages\/655","targetHints":{"allow":["GET"]}}],"collection":[{"href":"https:\/\/kosztolanyigimnazium.hu\/index.php?rest_route=\/wp\/v2\/pages"}],"about":[{"href":"https:\/\/kosztolanyigimnazium.hu\/index.php?rest_route=\/wp\/v2\/types\/page"}],"author":[{"embeddable":true,"href":"https:\/\/kosztolanyigimnazium.hu\/index.php?rest_route=\/wp\/v2\/users\/1"}],"replies":[{"embeddable":true,"href":"https:\/\/kosztolanyigimnazium.hu\/index.php?rest_route=%2Fwp%2Fv2%2Fcomments&post=655"}],"version-history":[{"count":8,"href":"https:\/\/kosztolanyigimnazium.hu\/index.php?rest_route=\/wp\/v2\/pages\/655\/revisions"}],"predecessor-version":[{"id":4425,"href":"https:\/\/kosztolanyigimnazium.hu\/index.php?rest_route=\/wp\/v2\/pages\/655\/revisions\/4425"}],"up":[{"embeddable":true,"href":"https:\/\/kosztolanyigimnazium.hu\/index.php?rest_route=\/wp\/v2\/pages\/652"}],"wp:featuredmedia":[{"embeddable":true,"href":"https:\/\/kosztolanyigimnazium.hu\/index.php?rest_route=\/wp\/v2\/media\/656"}],"wp:attachment":[{"href":"https:\/\/kosztolanyigimnazium.hu\/index.php?rest_route=%2Fwp%2Fv2%2Fmedia&parent=655"}],"curies":[{"name":"wp","href":"https:\/\/api.w.org\/{rel}","templated":true}]}}