{"id":663,"date":"2019-04-18T12:38:52","date_gmt":"2019-04-18T12:38:52","guid":{"rendered":"http:\/\/localhost:8888\/?page_id=663"},"modified":"2025-11-03T07:42:23","modified_gmt":"2025-11-03T06:42:23","slug":"osztalyozovizsgak","status":"publish","type":"page","link":"https:\/\/kosztolanyigimnazium.hu\/?page_id=663","title":{"rendered":"Oszt\u00e1lyoz\u00f3vizsg\u00e1k"},"content":{"rendered":"\n<h2 class=\"wp-block-heading\">2025\/2026. tan\u00e9v<\/h2>\n\n\n\n<ul class=\"wp-block-list\">\n<li><em>Konzult\u00e1ci\u00f3:<\/em>&nbsp;Szaktan\u00e1rokkal egyeztetve<\/li>\n<\/ul>\n\n\n\n<p><strong>A tervezett vizsgaid\u0151szakok a tan\u00e9v helyi rendj\u00e9ben tal\u00e1lhat\u00f3ak az al\u00e1bbi linken:<\/strong><\/p>\n\n\n\n<h4 class=\"wp-block-heading\">Tematik\u00e1k \/ T\u00e9mak\u00f6r\u00f6k<\/h4>\n\n\n\n<iframe loading=\"lazy\" src=\"https:\/\/drive.google.com\/embeddedfolderview?id=1scLqL3wL76mObaGk51IletcTxaVP5_el#grid\" title=\"Oszt\u00e1lyoz\u00f3 vizsg\u00e1k\" width=\"100%\" height=\"1100\" frameborder=\"0\" scrolling=\"none\" transparency=\"0\" language=\"hu\"><\/iframe>\n\n\n\n<p><\/p>\n","protected":false},"excerpt":{"rendered":"<p>2025\/2026. tan\u00e9v A tervezett vizsgaid\u0151szakok a tan\u00e9v helyi rendj\u00e9ben tal\u00e1lhat\u00f3ak az al\u00e1bbi linken: Tematik\u00e1k \/ T\u00e9mak\u00f6r\u00f6k<\/p>\n","protected":false},"author":1,"featured_media":0,"parent":652,"menu_order":0,"comment_status":"closed","ping_status":"closed","template":"","meta":{"footnotes":""},"class_list":["post-663","page","type-page","status-publish","hentry"],"_links":{"self":[{"href":"https:\/\/kosztolanyigimnazium.hu\/index.php?rest_route=\/wp\/v2\/pages\/663","targetHints":{"allow":["GET"]}}],"collection":[{"href":"https:\/\/kosztolanyigimnazium.hu\/index.php?rest_route=\/wp\/v2\/pages"}],"about":[{"href":"https:\/\/kosztolanyigimnazium.hu\/index.php?rest_route=\/wp\/v2\/types\/page"}],"author":[{"embeddable":true,"href":"https:\/\/kosztolanyigimnazium.hu\/index.php?rest_route=\/wp\/v2\/users\/1"}],"replies":[{"embeddable":true,"href":"https:\/\/kosztolanyigimnazium.hu\/index.php?rest_route=%2Fwp%2Fv2%2Fcomments&post=663"}],"version-history":[{"count":48,"href":"https:\/\/kosztolanyigimnazium.hu\/index.php?rest_route=\/wp\/v2\/pages\/663\/revisions"}],"predecessor-version":[{"id":5352,"href":"https:\/\/kosztolanyigimnazium.hu\/index.php?rest_route=\/wp\/v2\/pages\/663\/revisions\/5352"}],"up":[{"embeddable":true,"href":"https:\/\/kosztolanyigimnazium.hu\/index.php?rest_route=\/wp\/v2\/pages\/652"}],"wp:attachment":[{"href":"https:\/\/kosztolanyigimnazium.hu\/index.php?rest_route=%2Fwp%2Fv2%2Fmedia&parent=663"}],"curies":[{"name":"wp","href":"https:\/\/api.w.org\/{rel}","templated":true}]}}