{"id":679,"date":"2019-04-18T13:34:50","date_gmt":"2019-04-18T13:34:50","guid":{"rendered":"http:\/\/localhost:8888\/?page_id=679"},"modified":"2025-12-15T11:44:51","modified_gmt":"2025-12-15T10:44:51","slug":"evfolyamvizsgak","status":"publish","type":"page","link":"https:\/\/kosztolanyigimnazium.hu\/?page_id=679","title":{"rendered":"\u00c9vfolyamvizsg\u00e1k"},"content":{"rendered":"\n<h2 class=\"wp-block-heading\"><strong>\u00c9vfolyamvizsg\u00e1k rendszere:<\/strong><\/h2>\n\n\n\n<p>Az iskol\u00e1nkba j\u00e1r\u00f3 di\u00e1kok majdnem minden tan\u00e9v sor\u00e1n sz\u00e1mot adnak addig megszerzett tud\u00e1sukr\u00f3l \u00e9vfolyamvizsga form\u00e1j\u00e1ban. Ezen vizsg\u00e1k legf\u0151bb feladata felk\u00e9sz\u00edteni a di\u00e1kokat az \u00e9lethosszig tart\u00f3 tanul\u00e1ssal kapcsolatosan a vizsga helyzetekre, az ott t\u00e1masztott k\u00f6vetelm\u00e9nyekre. Minden alkalommal megtapasztalj\u00e1k milyen k\u00e9sz\u00fclni, tanulni valamint a vizsg\u00e1kon helyt\u00e1llni, m\u00e9g akkor is, ha \u00e9ppen nagyon izgulnak.<\/p>\n\n\n\n<h3 class=\"wp-block-heading\">Az iskola \u00e9vfolyamvizsga rendszere a 8 \u00e9s a 4 \u00e9vfolyamos k\u00e9pz\u00e9sre j\u00e1r\u00f3kat is \u00e9rinti a k\u00f6vetkez\u0151 t\u00e1bl\u00e1zat alapj\u00e1n.<\/h3>\n\n\n\n<figure class=\"wp-block-table\"><table class=\"\"><tbody><tr><td colspan=\"4\"><strong>V\u00e9gleges \u00e9vfolyamvizsg\u00e1k 2019\/20-t\u00f3l<\/strong><\/td><\/tr><tr><td><strong>\u00c9vf.<\/strong><\/td><td><strong>Nyolc \u00e9vfolyamos tagozat<\/strong><\/td><td><strong>\u00c9vf.<\/strong><\/td><td><strong>N\u00e9gy \u00e9vfolyamos tagozat<\/strong><\/td><\/tr><tr><td><strong>5.<\/strong><\/td><td>x<\/td><td>&#8211;<\/td><td>x<\/td><\/tr><tr><td><strong>6.<\/strong><\/td><td>term\u00e9szetismereti projekt&nbsp;<\/td><td>&#8211;<\/td><td>x<\/td><\/tr><tr><td><strong>7.<\/strong><\/td><td>m\u0171v\u00e9szeti projekt&nbsp;<\/td><td>&#8211;<\/td><td>x<\/td><\/tr><tr><td><strong>8.<\/strong><\/td><td>t\u00f6rt\u00e9nelem projekt<\/td><td>&#8211;<\/td><td>x<\/td><\/tr><tr><td><strong>9.<\/strong><\/td><td>&#8211; els\u0151 idegen nyelv&nbsp;<em>(sz\u00f3beli + hallott sz\u00f6veg\u00e9rt\u00e9s)<\/em>-matematika (<em>\u00edr\u00e1sbeli)<\/em><\/td><td><strong>9.<\/strong><\/td><td>matematika (<em>\u00edr\u00e1sbeli),<\/em><\/td><\/tr><tr><td><strong>10.<\/strong><\/td><td>&#8211; t\u00f6rt\u00e9nelem (<em>\u00edr\u00e1sbeli \u00e9s sz\u00f3beli)<\/em>&#8211; v\u00e1lasztott faktos t\u00e1rgy* (<em>\u00edr\u00e1sbeli\/gyakorlati)<\/em><\/td><td><strong>10.<\/strong><\/td><td>&#8211; t\u00f6rt\u00e9nelem (<em>\u00edr\u00e1sbeli \u00e9s sz\u00f3beli),<\/em>&#8211; v\u00e1lasztott faktos t\u00e1rgy*&nbsp;<em>(\u00edr\u00e1sbeli\/gyakorlati)<\/em><\/td><\/tr><tr><td><strong>11.<\/strong><\/td><td>&#8211; magyar + m\u0171v\u00e9szeti korszakok (<em>sz\u00f3beli)&nbsp;<\/em>-2. idegen nyelv&nbsp;<em>(sz\u00f3beli + hallott sz\u00f6veg\u00e9rt\u00e9s)<\/em><\/td><td><strong>11.<\/strong><\/td><td>&#8211; magyar + m\u0171v\u00e9szeti korszakok&nbsp;<em>(sz\u00f3beli)<\/em>&#8211; v\u00e1lasztott idegen nyelv&nbsp;<em>(sz\u00f3beli + hallott sz\u00f6veg\u00e9rt\u00e9s)<\/em><\/td><\/tr><tr><td><strong>12.&nbsp;<\/strong><\/td><td>x (Pr\u00f3ba\u00e9retts\u00e9gik)<\/td><td><strong>12.<\/strong><\/td><td>x (Pr\u00f3ba\u00e9retts\u00e9gik)<\/td><\/tr><\/tbody><\/table><\/figure>\n\n\n\n<p>*v\u00e1laszthat\u00f3&nbsp;<strong>&#8211; k\u00e9mia, f\u00f6ldrajz, fizika, biol\u00f3gia, informatika, testnevel\u00e9s<\/strong>&nbsp;<em>(A k\u00f6telez\u0151 \u00e9retts\u00e9gi t\u00e1rgyakat itt nem lehet v\u00e1lasztani, mert ezekb\u0151l m\u00e1skor van vizsga. Aki nem ezekb\u0151l a t\u00e1rgyakb\u00f3l szeretne fakult\u00e1lni, annak is v\u00e1lasztania kell.)<\/em><\/p>\n\n\n\n<h4 class=\"wp-block-heading\">R\u00e9szletes vizsgaszab\u00e1lyzatunk, melynek r\u00e9sze az \u00e9vfolyamvizsga is:<\/h4>\n\n\n\n<div class=\"wp-block-file\"><a id=\"wp-block-file--media-a07e80ea-bd07-4cae-a37a-11c187354864\" href=\"https:\/\/kosztolanyigimnazium.hu\/wp-content\/uploads\/2019\/12\/vizsgaszabalyzat-2019-v1.pdf\">Vizsgaszab\u00e1lyzat 2019.<\/a><a href=\"https:\/\/kosztolanyigimnazium.hu\/wp-content\/uploads\/2019\/12\/vizsgaszabalyzat-2019-v1.pdf\" class=\"wp-block-file__button wp-element-button\" download aria-describedby=\"wp-block-file--media-a07e80ea-bd07-4cae-a37a-11c187354864\">Let\u00f6lt\u00e9s<\/a><\/div>\n\n\n\n<hr class=\"wp-block-separator has-css-opacity\"\/>\n\n\n\n<h4 class=\"wp-block-heading\">Az \u00e9vfolyamvizsg\u00e1k aktu\u00e1lis tan\u00e9vre vonatkoz\u00f3 k\u00f6vetelm\u00e9nyeit, vizsgale\u00edr\u00e1sait \u00e9s seg\u00e9danyagait le lehet t\u00f6lteni \u00e9vfolyamokra bontott mapp\u00e1kb\u00f3l:<\/h4>\n\n\n\n<h2 class=\"wp-block-heading\"><em>2025\/2026 tan\u00e9v \u00e9vfolyamvizsga anyagai:<\/em><\/h2>\n\n\n\n<figure><iframe src=\"https:\/\/drive.google.com\/embeddedfolderview?id=1JmBupHkp1vMprGBFeE5YDAL_QcI1xgHk\" style=\"height:550px; border:2px; width:90%;\"><\/iframe><\/figure>\n","protected":false},"excerpt":{"rendered":"<p>\u00c9vfolyamvizsg\u00e1k rendszere: Az iskol\u00e1nkba j\u00e1r\u00f3 di\u00e1kok majdnem minden tan\u00e9v sor\u00e1n sz\u00e1mot adnak addig megszerzett tud\u00e1sukr\u00f3l \u00e9vfolyamvizsga form\u00e1j\u00e1ban. Ezen vizsg\u00e1k legf\u0151bb feladata felk\u00e9sz\u00edteni a di\u00e1kokat az \u00e9lethosszig tart\u00f3 tanul\u00e1ssal kapcsolatosan a vizsga helyzetekre, az ott t\u00e1masztott k\u00f6vetelm\u00e9nyekre. Minden alkalommal megtapasztalj\u00e1k milyen <a href=\"https:\/\/kosztolanyigimnazium.hu\/?page_id=679\" class=\"read-more\">Olvass tov\u00e1bb&#8230;<\/a><\/p>\n","protected":false},"author":1,"featured_media":886,"parent":652,"menu_order":0,"comment_status":"closed","ping_status":"closed","template":"","meta":{"footnotes":""},"class_list":["post-679","page","type-page","status-publish","has-post-thumbnail","hentry"],"_links":{"self":[{"href":"https:\/\/kosztolanyigimnazium.hu\/index.php?rest_route=\/wp\/v2\/pages\/679","targetHints":{"allow":["GET"]}}],"collection":[{"href":"https:\/\/kosztolanyigimnazium.hu\/index.php?rest_route=\/wp\/v2\/pages"}],"about":[{"href":"https:\/\/kosztolanyigimnazium.hu\/index.php?rest_route=\/wp\/v2\/types\/page"}],"author":[{"embeddable":true,"href":"https:\/\/kosztolanyigimnazium.hu\/index.php?rest_route=\/wp\/v2\/users\/1"}],"replies":[{"embeddable":true,"href":"https:\/\/kosztolanyigimnazium.hu\/index.php?rest_route=%2Fwp%2Fv2%2Fcomments&post=679"}],"version-history":[{"count":32,"href":"https:\/\/kosztolanyigimnazium.hu\/index.php?rest_route=\/wp\/v2\/pages\/679\/revisions"}],"predecessor-version":[{"id":5383,"href":"https:\/\/kosztolanyigimnazium.hu\/index.php?rest_route=\/wp\/v2\/pages\/679\/revisions\/5383"}],"up":[{"embeddable":true,"href":"https:\/\/kosztolanyigimnazium.hu\/index.php?rest_route=\/wp\/v2\/pages\/652"}],"wp:featuredmedia":[{"embeddable":true,"href":"https:\/\/kosztolanyigimnazium.hu\/index.php?rest_route=\/wp\/v2\/media\/886"}],"wp:attachment":[{"href":"https:\/\/kosztolanyigimnazium.hu\/index.php?rest_route=%2Fwp%2Fv2%2Fmedia&parent=679"}],"curies":[{"name":"wp","href":"https:\/\/api.w.org\/{rel}","templated":true}]}}