{"id":874,"date":"2019-04-25T22:27:39","date_gmt":"2019-04-25T20:27:39","guid":{"rendered":"https:\/\/kosztolanyigimnazium.hu\/?page_id=874"},"modified":"2019-04-25T22:31:02","modified_gmt":"2019-04-25T20:31:02","slug":"kemia","status":"publish","type":"page","link":"https:\/\/kosztolanyigimnazium.hu\/?page_id=874","title":{"rendered":"K\u00e9mia"},"content":{"rendered":"<p>K\u00eds\u00e9rletek<\/p>\n<figure id=\"attachment_872\" aria-describedby=\"caption-attachment-872\" style=\"width: 3968px\" class=\"wp-caption aligncenter\"><img loading=\"lazy\" decoding=\"async\" class=\"wp-image-872 size-full\" src=\"https:\/\/kosztolanyigimnazium.hu\/wp-content\/uploads\/2019\/04\/img_1961-1.jpg\" alt=\"C oszt\u00e1ly k\u00e9mi\u00e1sai k\u00eds\u00e9rlet k\u00f6zben\" width=\"3968\" height=\"2976\" srcset=\"https:\/\/kosztolanyigimnazium.hu\/wp-content\/uploads\/2019\/04\/img_1961-1.jpg 3968w, https:\/\/kosztolanyigimnazium.hu\/wp-content\/uploads\/2019\/04\/img_1961-1-300x225.jpg 300w, https:\/\/kosztolanyigimnazium.hu\/wp-content\/uploads\/2019\/04\/img_1961-1-768x576.jpg 768w, https:\/\/kosztolanyigimnazium.hu\/wp-content\/uploads\/2019\/04\/img_1961-1-1024x768.jpg 1024w, https:\/\/kosztolanyigimnazium.hu\/wp-content\/uploads\/2019\/04\/img_1961-1-360x270.jpg 360w\" sizes=\"auto, (max-width: 3968px) 100vw, 3968px\" \/><figcaption id=\"caption-attachment-872\" class=\"wp-caption-text\">C oszt\u00e1ly k\u00e9mi\u00e1sai k\u00eds\u00e9rlet k\u00f6zben<\/figcaption><\/figure>\n","protected":false},"excerpt":{"rendered":"<p>K\u00eds\u00e9rletek<\/p>\n","protected":false},"author":1,"featured_media":873,"parent":627,"menu_order":0,"comment_status":"closed","ping_status":"closed","template":"","meta":{"footnotes":""},"class_list":["post-874","page","type-page","status-publish","has-post-thumbnail","hentry"],"_links":{"self":[{"href":"https:\/\/kosztolanyigimnazium.hu\/index.php?rest_route=\/wp\/v2\/pages\/874","targetHints":{"allow":["GET"]}}],"collection":[{"href":"https:\/\/kosztolanyigimnazium.hu\/index.php?rest_route=\/wp\/v2\/pages"}],"about":[{"href":"https:\/\/kosztolanyigimnazium.hu\/index.php?rest_route=\/wp\/v2\/types\/page"}],"author":[{"embeddable":true,"href":"https:\/\/kosztolanyigimnazium.hu\/index.php?rest_route=\/wp\/v2\/users\/1"}],"replies":[{"embeddable":true,"href":"https:\/\/kosztolanyigimnazium.hu\/index.php?rest_route=%2Fwp%2Fv2%2Fcomments&post=874"}],"version-history":[{"count":2,"href":"https:\/\/kosztolanyigimnazium.hu\/index.php?rest_route=\/wp\/v2\/pages\/874\/revisions"}],"predecessor-version":[{"id":876,"href":"https:\/\/kosztolanyigimnazium.hu\/index.php?rest_route=\/wp\/v2\/pages\/874\/revisions\/876"}],"up":[{"embeddable":true,"href":"https:\/\/kosztolanyigimnazium.hu\/index.php?rest_route=\/wp\/v2\/pages\/627"}],"wp:featuredmedia":[{"embeddable":true,"href":"https:\/\/kosztolanyigimnazium.hu\/index.php?rest_route=\/wp\/v2\/media\/873"}],"wp:attachment":[{"href":"https:\/\/kosztolanyigimnazium.hu\/index.php?rest_route=%2Fwp%2Fv2%2Fmedia&parent=874"}],"curies":[{"name":"wp","href":"https:\/\/api.w.org\/{rel}","templated":true}]}}